{"id":271,"date":"2025-05-05T16:13:47","date_gmt":"2025-05-05T14:13:47","guid":{"rendered":"https:\/\/www.holdingcars.sk\/?page_id=271"},"modified":"2025-05-13T14:14:50","modified_gmt":"2025-05-13T12:14:50","slug":"kontakt","status":"publish","type":"page","link":"https:\/\/www.holdingcars.sk\/index.php\/kontakt\/","title":{"rendered":"Kontakt"},"content":{"rendered":"<section class=\"bde-section-271-112 bde-section\">\n              \n  \n  \n\t\n\n  <div class=\"section-background-overlay\"><\/div>\n\n\n<div class=\"section-container\"><h1 class=\"bde-dual-heading-271-114 bde-dual-heading\">\n\n\n            <span data-style=\"primary\" class=\"dual-heading--primary  \">Kontaktujte<\/span>\n\n            <span data-style=\"secondary\" class=\"dual-heading--secondary  \">n\u00e1s<\/span>\n\n\n\n<\/h1><div class=\"bde-text-271-115 bde-text\">\nM\u00e1te ot\u00e1zky? Ozvite sa \u2013 radi v\u00e1m porad\u00edme.<br><br>\n<\/div><\/div>\n<\/section><section class=\"bde-section-271-116 bde-section\">\n  \n  \n\t\n\n\n\n<div class=\"section-container\"><div class=\"bde-columns-271-117 bde-columns\"><div class=\"bde-column-271-118 bde-column\">\n  \n  \n\t\n\n\n\n<div class=\"bde-fancy-divider-271-119 bde-fancy-divider\">\n\n\n<div class=\"bde-fancy-divider__wrapper\">\n  <div class=\"bde-fancy-divider__separator has-content has-content-flex-end \">\n  \t    \t    \t          <div class=\"bde-fancy-divider__content bde-fancy-divider__content--text\">\n          Kontakt\n          <\/div>\n    \t      <\/div>\n<\/div>\n\n<\/div><h3 class=\"bde-dual-heading-271-120 bde-dual-heading\">\n\n\n            <span data-style=\"primary\" class=\"dual-heading--primary  \">Kontaktujte n\u00e1s \u2013 <\/span>\n\n            <span data-style=\"secondary\" class=\"dual-heading--secondary  \">sme tu pre v\u00e1s<\/span>\n\n\n\n<\/h3><div class=\"bde-text-271-121 bde-text\">\nM\u00e1te z\u00e1ujem o konkr\u00e9tne vozidlo, chcete si dohodn\u00fa\u0165 obhliadku alebo len potrebujete poradi\u0165? Nev\u00e1hajte n\u00e1s kontaktova\u0165 telefonicky, e-mailom alebo cez formul\u00e1r. Odpovieme v\u00e1m \u010do najsk\u00f4r a s ochotou.\n<\/div>\n<\/div><div class=\"bde-column-271-122 bde-column\">\n  \n  \n\t\n\n\n\n<div class=\"bde-form-builder-271-123 bde-form-builder\">\n\n\n<form id=\"contact-form123\" class=\"breakdance-form breakdance-form--vertical \" data-options=\"{&quot;slug&quot;:&quot;custom&quot;,&quot;name&quot;:&quot;Contact Form&quot;,&quot;ajaxUrl&quot;:&quot;https:\\\/\\\/www.holdingcars.sk\\\/wp-admin\\\/admin-ajax.php&quot;,&quot;clearOnSuccess&quot;:true,&quot;hideOnSuccess&quot;:false,&quot;successMessage&quot;:&quot;Va\\u0161a spr\\u00e1va bola \\u00faspe\\u0161ne odoslan\\u00e1 ! &quot;,&quot;errorMessage&quot;:&quot;Opps nie\\u010do sa pokazilo ! &quot;,&quot;redirect&quot;:false,&quot;redirectUrl&quot;:&quot;&quot;,&quot;customJavaScript&quot;:&quot;&quot;,&quot;recaptcha&quot;:{&quot;key&quot;:&quot;&quot;,&quot;enabled&quot;:false},&quot;honeypot_enabled&quot;:false,&quot;popupsOnSuccess&quot;:[],&quot;popupsOnError&quot;:[]}\" data-steps=\"0\" >\n  \n  \n  \n<div class=\"breakdance-form-field breakdance-form-field--text\" >\n    \n    \n            <label class=\"breakdance-form-field__label\" for=\"name\">\n            Meno<span class=\"breakdance-form-field__required\">*<\/span>\n        <\/label>\n    \n    <input\n    class=\"breakdance-form-field__input\"\n    id=\"name\"\n    aria-describedby=\"name\"\n    type=\"text\"\n    name=\"fields[name]\"\n    placeholder=\"Va\u0161e meno\"\n    value=\"\"\n                \n        \n        \n    required\n    \n    \n>\n\n\n    \n    \n<\/div>\n\n\n<div class=\"breakdance-form-field breakdance-form-field--number\" >\n    \n    \n            <label class=\"breakdance-form-field__label\" for=\"zypypb\">\n            Tel.\u010d<span class=\"breakdance-form-field__required\">*<\/span>\n        <\/label>\n    \n    <input\n    class=\"breakdance-form-field__input\"\n    id=\"zypypb\"\n    aria-describedby=\"zypypb\"\n    type=\"number\"\n    name=\"fields[zypypb]\"\n    placeholder=\"Va\u0161e tel. \u010d\"\n    value=\"\"\n                \n        \n        \n    required\n    \n    \n>\n\n\n    \n    \n<\/div>\n\n\n<div class=\"breakdance-form-field breakdance-form-field--email\" >\n    \n    \n            <label class=\"breakdance-form-field__label\" for=\"fnhzam\">\n            V\u00e1\u0161 email\n        <\/label>\n    \n    <input\n    class=\"breakdance-form-field__input\"\n    id=\"fnhzam\"\n    aria-describedby=\"fnhzam\"\n    type=\"email\"\n    name=\"fields[fnhzam]\"\n    placeholder=\"\"\n    value=\"\"\n                \n        \n        \n    \n    \n    \n>\n\n\n    \n    \n<\/div>\n\n\n<div class=\"breakdance-form-field breakdance-form-field--textarea\" >\n    \n    \n            <label class=\"breakdance-form-field__label\" for=\"message\">\n            Va\u0161a spr\u00e1va\n        <\/label>\n    \n    <textarea\n    class=\"breakdance-form-field__input\"\n    id=\"message\"\n    aria-describedby=\"message\"\n    type=\"textarea\"\n    name=\"fields[message]\"\n        placeholder=\"\"\n    \n    >\n<\/textarea>\n\n\n    \n    \n<\/div>\n\n\n  \n\n<div class=\"breakdance-form-field breakdance-form-footer\">\n    \n    \n                                    \n    \n    \n    \n    \n            \n            <button type=\"submit\" class=\"button-atom button-atom--primary breakdance-form-button breakdance-form-button__submit\"  >\n    \n        <span class=\"button-atom__text\">Book now<\/span>\n\n        \n        \n            <\/button>\n    \n    <input type=\"hidden\" name=\"form_id\" value=\"123\">\n    <input type=\"hidden\" name=\"post_id\" value=\"271\">\n<\/div>\n\n  \n<\/form>\n\n\n\n<\/div>\n<\/div><\/div><div class=\"bde-div-271-124 bde-div\">\n  \n  \n\t\n\n\n\n<div class=\"bde-icon-box-271-125 bde-icon-box\">\n\n    \n            <div class=\"ee-iconbox-icon breakdance-icon-atom\" >\n    \n                    <svg xmlns=\"http:\/\/www.w3.org\/2000\/svg\" width=\"32\" height=\"32\" viewBox=\"0 0 32 32\" fill=\"none\">\n<path d=\"M16 2C13.0837 2.00344 10.2878 3.16347 8.22564 5.22563C6.16348 7.28778 5.00345 10.0837 5.00001 13C4.99652 15.3832 5.77499 17.7018 7.21601 19.6C7.21601 19.6 7.51601 19.995 7.56501 20.052L16 30L24.439 20.047C24.483 19.994 24.784 19.6 24.784 19.6L24.785 19.597C26.2253 17.6996 27.0034 15.3821 27 13C26.9966 10.0837 25.8365 7.28778 23.7744 5.22563C21.7122 3.16347 18.9163 2.00344 16 2ZM16 17C15.2089 17 14.4355 16.7654 13.7777 16.3259C13.1199 15.8864 12.6072 15.2616 12.3045 14.5307C12.0017 13.7998 11.9225 12.9956 12.0769 12.2196C12.2312 11.4437 12.6122 10.731 13.1716 10.1716C13.731 9.61216 14.4437 9.2312 15.2197 9.07686C15.9956 8.92252 16.7998 9.00173 17.5307 9.30448C18.2616 9.60723 18.8864 10.1199 19.3259 10.7777C19.7654 11.4355 20 12.2089 20 13C19.9987 14.0605 19.5768 15.0771 18.827 15.827C18.0771 16.5768 17.0605 16.9987 16 17Z\" fill=\"#FB0D2B\"\/>\n<\/svg>\n        \n        \n        \n            <\/div>\n    \n\n<div class=\"ee-iconbox-content\">\n      <h5 class=\"ee-iconbox-title bde-h3\" >Adresa<\/h5>\n        <div class=\"ee-iconbox-text\" >Masarykov\u00e1 108, Michalovce, 07101<\/div>\n    <\/div>\n\n<\/div><div class=\"bde-icon-box-271-126 bde-icon-box\">\n\n    \n            <div class=\"ee-iconbox-icon breakdance-icon-atom\" >\n    \n                    <svg xmlns=\"http:\/\/www.w3.org\/2000\/svg\" width=\"35\" height=\"35\" viewBox=\"0 0 35 35\" fill=\"none\">\n<path d=\"M33.25 25.375V9.625C33.25 8.1725 32.0775 7 30.625 7H6.10751C4.65501 7 3.48251 8.1725 3.48251 9.625V25.375C3.48251 26.8275 4.65501 28 6.10751 28H30.625C32.0775 28 33.25 26.8275 33.25 25.375ZM30.9575 9.4325C31.535 10.01 31.22 10.605 30.905 10.9025L23.8 17.4125L30.625 24.5175C30.835 24.7625 30.975 25.1475 30.73 25.41C30.5025 25.69 29.9775 25.6725 29.75 25.4975L22.1025 18.97L18.3575 22.3825L14.63 18.97L6.98251 25.4975C6.75501 25.6725 6.23001 25.69 6.00251 25.41C5.75751 25.1475 5.89751 24.7625 6.10751 24.5175L12.9325 17.4125L5.82751 10.9025C5.51251 10.605 5.19751 10.01 5.77501 9.4325C6.35251 8.855 6.94751 9.135 7.43751 9.555L18.3575 18.375L29.295 9.555C29.785 9.135 30.38 8.855 30.9575 9.4325Z\" fill=\"#FB0D2B\"\/>\n<\/svg>\n        \n        \n        \n            <\/div>\n    \n\n<div class=\"ee-iconbox-content\">\n      <h5 class=\"ee-iconbox-title bde-h3\" >Email<\/h5>\n        <div class=\"ee-iconbox-text\" >holdingcars77@gmail.com<\/div>\n    <\/div>\n\n<\/div><div class=\"bde-icon-box-271-127 bde-icon-box\">\n\n    \n            <div class=\"ee-iconbox-icon breakdance-icon-atom\" >\n    \n                    <svg xmlns=\"http:\/\/www.w3.org\/2000\/svg\" width=\"36\" height=\"36\" viewBox=\"0 0 36 36\" fill=\"none\">\n<g clip-path=\"url(#clip0_11_519)\">\n<path d=\"M25 4H11C10.4696 4 9.96086 4.21071 9.58579 4.58579C9.21071 4.96086 9 5.46957 9 6V30C9 30.5304 9.21071 31.0391 9.58579 31.4142C9.96086 31.7893 10.4696 32 11 32H25C25.5304 32 26.0391 31.7893 26.4142 31.4142C26.7893 31.0391 27 30.5304 27 30V6C27 5.46957 26.7893 4.96086 26.4142 4.58579C26.0391 4.21071 25.5304 4 25 4ZM19 30H17V28H19V30ZM11 26V6H25V26H11Z\" fill=\"#FB0D2B\"\/>\n<\/g>\n<defs>\n<clipPath id=\"clip0_11_519\">\n<rect width=\"36\" height=\"36\" fill=\"white\"\/>\n<\/clipPath>\n<\/defs>\n<\/svg>\n        \n        \n        \n            <\/div>\n    \n\n<div class=\"ee-iconbox-content\">\n      <h5 class=\"ee-iconbox-title bde-h3\" >Zavolajte n\u00e1m<\/h5>\n        <div class=\"ee-iconbox-text\" >0910172911<\/div>\n    <\/div>\n\n<\/div>\n<\/div><\/div>\n<\/section><section class=\"bde-section-271-128 bde-section\">\n  \n  \n\t\n\n\n\n<div class=\"section-container\"><div class=\"bde-google-map-271-129 bde-google-map\">\n\r\n<iframe width=\"100%\" height=\"100%\" style=\"border:0\" title=\"Map\" data-src=\"https:\/\/maps.google.com\/maps?q=Masarykov%C3%A1+108%2C+Michalovce%2C+07101&t=m&z=14&output=embed&iwloc=near\" allowfullscreen src=\"data:image\/svg+xml;base64,PHN2ZyB3aWR0aD0iMSIgaGVpZ2h0PSIxIiB4bWxucz0iaHR0cDovL3d3dy53My5vcmcvMjAwMC9zdmciPjwvc3ZnPg==\" class=\"lazyload\" data-load-mode=\"1\"><\/iframe>\n\n<\/div><\/div>\n<\/section>","protected":false},"excerpt":{"rendered":"<p>Kontaktujte n\u00e1s M\u00e1te ot\u00e1zky? Ozvite sa \u2013 radi v\u00e1m porad\u00edme. Kontakt Kontaktujte n\u00e1s \u2013 sme tu pre v\u00e1s M\u00e1te z\u00e1ujem o konkr\u00e9tne vozidlo, chcete si dohodn\u00fa\u0165 obhliadku alebo len potrebujete poradi\u0165? Nev\u00e1hajte n\u00e1s kontaktova\u0165 telefonicky, e-mailom alebo cez formul\u00e1r. Odpovieme v\u00e1m \u010do najsk\u00f4r a s ochotou. Meno* Tel.\u010d* V\u00e1\u0161 email Va\u0161a spr\u00e1va Book now Adresa [&hellip;]<\/p>\n","protected":false},"author":1,"featured_media":0,"parent":0,"menu_order":0,"comment_status":"closed","ping_status":"closed","template":"","meta":{"_acf_changed":false,"_breakdance_hide_in_design_set":false,"_breakdance_tags":"","footnotes":""},"class_list":["post-271","page","type-page","status-publish","hentry"],"acf":[],"_links":{"self":[{"href":"https:\/\/www.holdingcars.sk\/index.php\/wp-json\/wp\/v2\/pages\/271","targetHints":{"allow":["GET"]}}],"collection":[{"href":"https:\/\/www.holdingcars.sk\/index.php\/wp-json\/wp\/v2\/pages"}],"about":[{"href":"https:\/\/www.holdingcars.sk\/index.php\/wp-json\/wp\/v2\/types\/page"}],"author":[{"embeddable":true,"href":"https:\/\/www.holdingcars.sk\/index.php\/wp-json\/wp\/v2\/users\/1"}],"replies":[{"embeddable":true,"href":"https:\/\/www.holdingcars.sk\/index.php\/wp-json\/wp\/v2\/comments?post=271"}],"version-history":[{"count":10,"href":"https:\/\/www.holdingcars.sk\/index.php\/wp-json\/wp\/v2\/pages\/271\/revisions"}],"predecessor-version":[{"id":333,"href":"https:\/\/www.holdingcars.sk\/index.php\/wp-json\/wp\/v2\/pages\/271\/revisions\/333"}],"wp:attachment":[{"href":"https:\/\/www.holdingcars.sk\/index.php\/wp-json\/wp\/v2\/media?parent=271"}],"curies":[{"name":"wp","href":"https:\/\/api.w.org\/{rel}","templated":true}]}}